{"id":2,"date":"2020-06-10T15:22:52","date_gmt":"2020-06-10T15:22:52","guid":{"rendered":"https:\/\/www.hypnosebio.com\/?page_id=2"},"modified":"2021-07-12T06:15:52","modified_gmt":"2021-07-12T06:15:52","slug":"sample-page","status":"publish","type":"page","link":"https:\/\/www.hypnosebio.com\/?page_id=2","title":{"rendered":"Pr\u00e9sentation"},"content":{"rendered":"\n<p>Dipl\u00f4m\u00e9e en sophrologie-analyse, en hypnose-int\u00e9grative, hypno-flash et experte en m\u00e9moire du corps, mais \u00e9galement en massages r\u00e9novateurs par magn\u00e9tisme, californiens, intuitifs, sportifs, \u00e9nerg\u00e9tiques, aux pierres chaudes, et en drainages lymphatiques. <\/p>\n\n\n\n<p>Je suis \u00e9galement ma\u00eetre-enseignant Reiki, Shamballa, Karuna et Laochi. <\/p>\n\n\n\n<p>Je vous propose de vous ressourcer dans mon espace bien-\u00eatre \u00ab&nbsp;Chez Soi&nbsp;\u00bb au village de Ribba entre Trinit\u00e9 de Porto-Vecchio et Lecci (Sud Corse) en milieu naturel, avec couloir de nage chauff\u00e9 \u00e0 contre courant, bains de soleil, sauna infrarouge 2 places pour des s\u00e9ances bien-\u00eatre ou th\u00e9rapies alternatives par hypnose int\u00e9grative ou Sophrologie-Analyse.<\/p>\n\n\n\n<p>L&rsquo;\u00e9t\u00e9, je vous propose \u00e9galement des s\u00e9ances en piscine ou \u00e0 la mer, \u00e0 gauche du C\/Cial de ST Cyprien(Lecci) avec des cours d&rsquo;aquagym du 30 mai au 15 septembre, Yoga Nidra pour la gestion du stress, Stretching\/Abdos\/Relaxation, barre de maintien et hypnose class.<\/p>\n\n\n\n<p>Retrouvez moi chaque vendredi soir du 30 juin au 31 ao\u00fbt au march\u00e9 nocturne de ST Cyprien pour la vente de laits et huiles solaires des senteurs trop\u00e9ziennes et huiles essentielles Corses, cristaux de sant\u00e9 et bracelets de pierres semi pr\u00e9cieuses + mes livres d\u00e9dicac\u00e9s.<\/p>\n\n\n\n<p>-\u00ab&nbsp;Le tr\u00e9sor de tous les temps, <\/p>\n\n\n\n<p>Op\u00e9ration Nuages,<\/p>\n\n\n\n<p>Il \u00e9tait une fois&#8230;Nous ou les cl\u00e9s du bonheur,<\/p>\n\n\n\n<p>Histoires pour les enfants,<\/p>\n\n\n\n<p>Le lys des mots(po\u00e8mes),<\/p>\n\n\n\n<p>Dans l\u2019ombre des bastions&nbsp;\u00bb.<\/p>\n\n\n\n<p>Rendez-vous massages au march\u00e9 :<\/p>\n\n\n\n<p>Les massages sont \u00e0 base d&rsquo;huile naturelle d&rsquo;argan (sud Maroc), \u00e0 l&rsquo;immortelle et amande douce bio ou encore au jasmin. <\/p>\n\n\n\n<p>Massages ou th\u00e9rapies \u00e0 domicile \u00e0 partir de 2 s\u00e9ances d\u20191 Heure.<\/p>\n\n\n\n<p>Rendez-vous au 06 10 20 96 66.<\/p>\n","protected":false},"excerpt":{"rendered":"<p>Dipl\u00f4m\u00e9e en sophrologie-analyse, en hypnose-int\u00e9grative, hypno-flash et experte en m\u00e9moire du corps, mais \u00e9galement en massages r\u00e9novateurs par magn\u00e9tisme, californiens, [&hellip;]<\/p>\n","protected":false},"author":1,"featured_media":0,"parent":0,"menu_order":0,"comment_status":"closed","ping_status":"open","template":"","meta":{"footnotes":""},"class_list":["post-2","page","type-page","status-publish","hentry"],"yoast_head":"<!-- This site is optimized with the Yoast SEO plugin v14.3 - https:\/\/yoast.com\/wordpress\/plugins\/seo\/ -->\n<title>Pr\u00e9sentation - Hypnose Th\u00e9rapeutique et Biomagn\u00e9tisme<\/title>\n<meta name=\"robots\" content=\"index, follow\" \/>\n<meta name=\"googlebot\" content=\"index, follow, max-snippet:-1, max-image-preview:large, max-video-preview:-1\" \/>\n<meta name=\"bingbot\" content=\"index, follow, max-snippet:-1, max-image-preview:large, max-video-preview:-1\" \/>\n<link rel=\"canonical\" href=\"https:\/\/www.hypnosebio.com\/?page_id=2\" \/>\n<meta property=\"og:locale\" content=\"fr_FR\" \/>\n<meta property=\"og:type\" content=\"article\" \/>\n<meta property=\"og:title\" content=\"Pr\u00e9sentation - Hypnose Th\u00e9rapeutique et Biomagn\u00e9tisme\" \/>\n<meta property=\"og:description\" content=\"Dipl\u00f4m\u00e9e en sophrologie-analyse, en hypnose-int\u00e9grative, hypno-flash et experte en m\u00e9moire du corps, mais \u00e9galement en massages r\u00e9novateurs par magn\u00e9tisme, californiens, [&hellip;]\" \/>\n<meta property=\"og:url\" content=\"https:\/\/www.hypnosebio.com\/?page_id=2\" \/>\n<meta property=\"og:site_name\" content=\"Hypnose Th\u00e9rapeutique et Biomagn\u00e9tisme\" \/>\n<meta property=\"article:modified_time\" content=\"2021-07-12T06:15:52+00:00\" \/>\n<meta name=\"twitter:card\" content=\"summary_large_image\" \/>\n<script type=\"application\/ld+json\" class=\"yoast-schema-graph\">{\"@context\":\"https:\/\/schema.org\",\"@graph\":[{\"@type\":[\"Person\",\"Organization\"],\"@id\":\"https:\/\/www.hypnosebio.com\/#\/schema\/person\/d3bd228d8f1d8627380ff7499797d71c\",\"name\":\"Claire Beretti\",\"image\":{\"@type\":\"ImageObject\",\"@id\":\"https:\/\/www.hypnosebio.com\/#personlogo\",\"inLanguage\":\"fr-FR\",\"url\":\"https:\/\/secure.gravatar.com\/avatar\/320ee67a7c2f4e04150c56d0f240a955f480d0b80e66c69e93948160715229bd?s=96&d=mm&r=g\",\"caption\":\"Claire Beretti\"},\"logo\":{\"@id\":\"https:\/\/www.hypnosebio.com\/#personlogo\"},\"description\":\"Ecrivaine, essayiste, m\\u00e8re de 3 enfants, professeur de danse et de Yoga Nidra, magn\\u00e9tiseuse, directrice d\\u2019antenne \\u00e0 Radio-Golfe jusqu\\u2019en 1998 puis sophrologue-Analyste, dipl\\u00f4m\\u00e9e d\\u2019hypnose int\\u00e9grative \\u00e0 Nice et massotherapeute.\"},{\"@type\":\"WebSite\",\"@id\":\"https:\/\/www.hypnosebio.com\/#website\",\"url\":\"https:\/\/www.hypnosebio.com\/\",\"name\":\"Hypnose Th\\u00e9rapeutique et Biomagn\\u00e9tism\",\"description\":\"Hypnotherapie Int\\u00e9grative, Sophrologie-Analyse, Modelages r\\u00e9novateurs par magn\\u00e9tisme en Corse du Sud ou \\u00e0 Marrakech au Maroc dans mon espace bien \\u00eatre ou \\u00ab Chez Vous \\u00bb  \\u00e0 domicile.\",\"publisher\":{\"@id\":\"https:\/\/www.hypnosebio.com\/#\/schema\/person\/d3bd228d8f1d8627380ff7499797d71c\"},\"potentialAction\":[{\"@type\":\"SearchAction\",\"target\":\"https:\/\/www.hypnosebio.com\/?s={search_term_string}\",\"query-input\":\"required name=search_term_string\"}],\"inLanguage\":\"fr-FR\"},{\"@type\":\"WebPage\",\"@id\":\"https:\/\/www.hypnosebio.com\/?page_id=2#webpage\",\"url\":\"https:\/\/www.hypnosebio.com\/?page_id=2\",\"name\":\"Pr\\u00e9sentation - Hypnose Th\\u00e9rapeutique et Biomagn\\u00e9tisme\",\"isPartOf\":{\"@id\":\"https:\/\/www.hypnosebio.com\/#website\"},\"datePublished\":\"2020-06-10T15:22:52+00:00\",\"dateModified\":\"2021-07-12T06:15:52+00:00\",\"inLanguage\":\"fr-FR\",\"potentialAction\":[{\"@type\":\"ReadAction\",\"target\":[\"https:\/\/www.hypnosebio.com\/?page_id=2\"]}]}]}<\/script>\n<!-- \/ Yoast SEO plugin. -->","_links":{"self":[{"href":"https:\/\/www.hypnosebio.com\/index.php?rest_route=\/wp\/v2\/pages\/2","targetHints":{"allow":["GET"]}}],"collection":[{"href":"https:\/\/www.hypnosebio.com\/index.php?rest_route=\/wp\/v2\/pages"}],"about":[{"href":"https:\/\/www.hypnosebio.com\/index.php?rest_route=\/wp\/v2\/types\/page"}],"author":[{"embeddable":true,"href":"https:\/\/www.hypnosebio.com\/index.php?rest_route=\/wp\/v2\/users\/1"}],"replies":[{"embeddable":true,"href":"https:\/\/www.hypnosebio.com\/index.php?rest_route=%2Fwp%2Fv2%2Fcomments&post=2"}],"version-history":[{"count":4,"href":"https:\/\/www.hypnosebio.com\/index.php?rest_route=\/wp\/v2\/pages\/2\/revisions"}],"predecessor-version":[{"id":101,"href":"https:\/\/www.hypnosebio.com\/index.php?rest_route=\/wp\/v2\/pages\/2\/revisions\/101"}],"wp:attachment":[{"href":"https:\/\/www.hypnosebio.com\/index.php?rest_route=%2Fwp%2Fv2%2Fmedia&parent=2"}],"curies":[{"name":"wp","href":"https:\/\/api.w.org\/{rel}","templated":true}]}}