{"id":37,"date":"2020-06-15T13:45:12","date_gmt":"2020-06-15T13:45:12","guid":{"rendered":"https:\/\/www.hypnosebio.com\/?page_id=37"},"modified":"2020-06-15T13:45:12","modified_gmt":"2020-06-15T13:45:12","slug":"temoignages","status":"publish","type":"page","link":"https:\/\/www.hypnosebio.com\/?page_id=37","title":{"rendered":"T\u00e9moignages"},"content":{"rendered":"\n<figure class=\"wp-block-table\"><table><tbody><tr><td><strong>Initiation au 1er degr\u00e9 de REIKI<\/strong><\/td><\/tr><tr><td>Nous \u00e9tions deux en parfait cocooning o\u00f9 notre enseignant \u00e9tait aux petits soins. Je n&rsquo;applique pas toujours et ai conscience que je devrais l&rsquo;appliquer plus souvent. <br><em>Maddy. Directrice d&rsquo;\u00e9cole en retraite.<\/em><\/td><\/tr><tr><td><\/td><\/tr><tr><td><strong>S\u00e9ance \u00e9nerg\u00e9tique<\/strong><\/td><\/tr><tr><td>Wonderful massage felt I was being healed all through wonderful will be back thank you very much.<br><em>(from England)<\/em><\/td><\/tr><tr><td><\/td><\/tr><tr><td><strong>Aqua gym \u00e9nerg\u00e9tique et massage<\/strong><\/td><\/tr><tr><td>Un grand merci pour ces agr\u00e9ables moments pass\u00e9s \u00e0 l&rsquo;aquagym et sur la table de massage, beaucoup de bonne \u00e9nergie pour attaquer un hiver parisien difficile, \u00e0 l&rsquo;ann\u00e9e prochaine.<br><em>Christine<\/em><\/td><\/tr><tr><td><\/td><\/tr><tr><td><strong>S\u00e9ance sophro-analyse<\/strong><\/td><\/tr><tr><td>Se rend-on compte de l&rsquo;intensit\u00e9 d&rsquo;abn\u00e9gation, de l&rsquo;amour et du don de soi qu&rsquo;une th\u00e9rapeute peut nous dispenser, professionnalisme, amour du prochain et de soi, toujours du plaisir dans son travail et \u00eatre bien avec soi, quel bonheur de rencontrer Claire.<br><em>Pierre (dentiste) de Haute Savoie<\/em><\/td><\/tr><tr><td><\/td><\/tr><tr><td><strong>S\u00e9ance \u00e9nerg\u00e9tique<\/strong><\/td><\/tr><tr><td>Merci Claire pour ce beau voyage entre tes mains, je me sens des ailes et j&rsquo;y vois plus clair!! A tr\u00e8s bient\u00f4t, longue et belle route \u00e0 toi.<br><em>H\u00e9l\u00e8ne (secr\u00e9taire de direction) Paris<\/em><\/td><\/tr><tr><td><\/td><\/tr><tr><td><strong>Modelage \u00e9nerg\u00e9tique<\/strong><\/td><\/tr><tr><td>Merci \u00e0 toi Claire, je te promets d&rsquo;avoir des r\u00e9actions positives, dommage que tu sois si loin, tu nous fais tellement de bien, \u00e0 bient\u00f4t dans notre r\u00e9gion lyonnaise.<br><em>Jeanine de Lyon (m\u00e8re au foyer)<\/em><\/td><\/tr><tr><td><\/td><\/tr><tr><td><strong>Ecoute<\/strong><\/td><\/tr><tr><td>Formidable Claire, capable de voir \u00e0 travers soi, d&rsquo;initier et de soigner le corps et l&rsquo;\u00e2me, et de donner l&rsquo;envie de d\u00e9couvrir une autre mani\u00e8re de vivre, un \u00e9norme merci.<br><em>Michel (PDG) de Lyon<\/em><\/td><\/tr><tr><td><\/td><\/tr><tr><td><strong>Initiation 1er degr\u00e9 Energ\u00e9tique<\/strong><\/td><\/tr><tr><td>Il y a maintenant 1 an 1\/2 que Claire m&rsquo;a initi\u00e9 au premier degr\u00e9 Energ\u00e9tique, il y avait d\u00e9j\u00e0 3 ann\u00e9es que je suivais des s\u00e9ances de sophro-relaxation avec elle et parmi un groupe de fid\u00e8les, j&rsquo;ai appris \u00e0 comprendre comment r\u00e9agissait mon corps et mon esprit, comprendre \u00e9galement que les choses cach\u00e9es pouvaient vivre en moi et conna\u00eetre son malaise enfoui depuis longtemps aide bien \u00e9videment \u00e0 le chasser de soi plus facilement. Puis Claire m&rsquo;a propos\u00e9 de passer le premier degr\u00e9, au-d\u00e9but, j&rsquo;avoue que cela a \u00e9t\u00e9 de la curiosit\u00e9, car je pensais que de toute fa\u00e7on, cela ne me ferai aucun mal, j&rsquo;ai commenc\u00e9 comme il se doit \u00e0 pratiquer sur moi pour m&rsquo;oter mes petits maux tels que petits traumatismes(douleurs musculaires,c\u00e9phal\u00e9es&#8230;) et j&rsquo;ai \u00e9t\u00e9 heureuse mais aussi stup\u00e9faite de constater que mon \u00e9nergie seule en symbiose avec l&rsquo;\u00e9nergie universelle pouvait avoir d&rsquo;effets positifs sur mon corps et mon esprit d&rsquo;une mani\u00e8re tr\u00e8s simple. Depuis, je soigne tous mes \u00ab\u00a0bobos\u00a0\u00bb en m&rsquo;imposant les mains sur la partie du corps concern\u00e9e, je le fais \u00e9galement sur sur mes proches r\u00e9ceptifs, ceci \u00e9vite de sauter sur une boite de m\u00e9dicaments pour un oui ou un non, le pire est que tout le monde a ce pouvoir, ce n&rsquo;est pas de la magie, peu de gens connaissent la capacit\u00e9 de canalisation de l&rsquo;\u00e9nergie et les bienfaits qu&rsquo;elle peut avoir sur le corps et sur les \u00eatres vivants. On peut \u00e9galement appliquer cette technique sur les plantes et les animaux pour les soulager ou les rendre en meilleure sant\u00e9. Je souhaite dire \u00e0 tous ceux qui h\u00e9sitent encore \u00e0 tenter l&rsquo;exp\u00e9rience, qu&rsquo;ils ne seront pas d\u00e9\u00e7us et que de toute fa\u00e7on, c&rsquo;est un acquis \u00e0 Vie et pourra s&rsquo;utiliser n&rsquo;importe quand.<br><em>Florence (commer\u00e7ante) de Pinarellu.<\/em><\/td><\/tr><tr><td><\/td><\/tr><tr><td><strong>S\u00e9ances de Biomagn\u00e9tisme humain<\/strong><\/td><\/tr><tr><td>Comme la plupart d&rsquo;entre nous, je passe de longues heures assis au volant de ma voiture ou sur mon ordinateur, cela a pour cons\u00e9quence de fragiliser mes lombaires, et depuis plusieurs ann\u00e9es, apr\u00e8s avoir beaucoup consult\u00e9, mon ami m&rsquo;a conseill\u00e9 d&rsquo;essayer les s\u00e9ances de biomagn\u00e9tisme \u00e0 St Cyprien pr\u00e8s de Porto-Vecchio, d\u00e8s la premi\u00e8re s\u00e9ance, j&rsquo;ai \u00e9t\u00e9 rassur\u00e9, et aujourd&rsquo;hui, gr\u00e0ce \u00e0 4 s\u00e9ances avec madame Beretti, les douleurs ont disparues et j&rsquo;ai retrouv\u00e9 mobilit\u00e9 et dynamisme.<br><em>Nanou (musicien, compositeur) de Bastia.<\/em><\/td><\/tr><tr><td><\/td><\/tr><tr><td><strong>S\u00e9ance sophrologique et sophromagn\u00e9tisme<\/strong><\/td><\/tr><tr><td>Suite \u00e0 votre s\u00e9ance sophrologique et \u00e9nerg\u00e9tique, le calme est r\u00e9-apparu, apr\u00e8s tous ces soucis occasionn\u00e9s par mon r\u00e9cent divorce douloureux. Pendant la s\u00e9ance, le bien \u00eatre pr\u00e9dominait sur le stress, ambiance tr\u00e8s cool avec cette touche d&rsquo;\u00e9nergie apport\u00e9e par la musique de la relaxation, je vous remercie ch\u00e8re Claire de m&rsquo;avoir \u00ab\u00a0requinqu\u00e9\u00a0\u00bb et redonn\u00e9 du courage merci.<br><em>Bernard (professeur de musique) de Porto-Vecchio.<\/em><\/td><\/tr><tr><td><\/td><\/tr><tr><td><strong>S\u00e9ance \u00e9nerg\u00e9tique<\/strong><\/td><\/tr><tr><td>Tes soins sont puissants, car tu y mets tout ton coeur, ta volont\u00e9 et ta foi, ton d\u00e9sir d&rsquo;aider est r\u00e9el et cela se ressent. Tes guides sont l\u00e0 \u00e0 chaque soin et leur pr\u00e9sence est ressentie instantan\u00e9ment car ton canal est toujours ouvert. Tu es Amour, l&rsquo;altruisme est ton moteur, merci.<br><em>Katia (m\u00e8re au foyer) de Bastia.<\/em><\/td><\/tr><\/tbody><\/table><\/figure>\n","protected":false},"excerpt":{"rendered":"<p>Initiation au 1er degr\u00e9 de REIKI Nous \u00e9tions deux en parfait cocooning o\u00f9 notre enseignant \u00e9tait aux petits soins. Je [&hellip;]<\/p>\n","protected":false},"author":1,"featured_media":0,"parent":0,"menu_order":0,"comment_status":"closed","ping_status":"closed","template":"","meta":{"footnotes":""},"class_list":["post-37","page","type-page","status-publish","hentry"],"yoast_head":"<!-- This site is optimized with the Yoast SEO plugin v14.3 - https:\/\/yoast.com\/wordpress\/plugins\/seo\/ -->\n<title>T\u00e9moignages - Hypnose Th\u00e9rapeutique et Biomagn\u00e9tisme<\/title>\n<meta name=\"robots\" content=\"index, follow\" \/>\n<meta name=\"googlebot\" content=\"index, follow, max-snippet:-1, max-image-preview:large, max-video-preview:-1\" \/>\n<meta name=\"bingbot\" content=\"index, follow, max-snippet:-1, max-image-preview:large, max-video-preview:-1\" \/>\n<link rel=\"canonical\" href=\"https:\/\/www.hypnosebio.com\/?page_id=37\" \/>\n<meta property=\"og:locale\" content=\"fr_FR\" \/>\n<meta property=\"og:type\" content=\"article\" \/>\n<meta property=\"og:title\" content=\"T\u00e9moignages - Hypnose Th\u00e9rapeutique et Biomagn\u00e9tisme\" \/>\n<meta property=\"og:description\" content=\"Initiation au 1er degr\u00e9 de REIKI Nous \u00e9tions deux en parfait cocooning o\u00f9 notre enseignant \u00e9tait aux petits soins. Je [&hellip;]\" \/>\n<meta property=\"og:url\" content=\"https:\/\/www.hypnosebio.com\/?page_id=37\" \/>\n<meta property=\"og:site_name\" content=\"Hypnose Th\u00e9rapeutique et Biomagn\u00e9tisme\" \/>\n<meta name=\"twitter:card\" content=\"summary_large_image\" \/>\n<script type=\"application\/ld+json\" class=\"yoast-schema-graph\">{\"@context\":\"https:\/\/schema.org\",\"@graph\":[{\"@type\":[\"Person\",\"Organization\"],\"@id\":\"https:\/\/www.hypnosebio.com\/#\/schema\/person\/d3bd228d8f1d8627380ff7499797d71c\",\"name\":\"Claire Beretti\",\"image\":{\"@type\":\"ImageObject\",\"@id\":\"https:\/\/www.hypnosebio.com\/#personlogo\",\"inLanguage\":\"fr-FR\",\"url\":\"https:\/\/secure.gravatar.com\/avatar\/320ee67a7c2f4e04150c56d0f240a955f480d0b80e66c69e93948160715229bd?s=96&d=mm&r=g\",\"caption\":\"Claire Beretti\"},\"logo\":{\"@id\":\"https:\/\/www.hypnosebio.com\/#personlogo\"},\"description\":\"Ecrivaine, essayiste, m\\u00e8re de 3 enfants, professeur de danse et de Yoga Nidra, magn\\u00e9tiseuse, directrice d\\u2019antenne \\u00e0 Radio-Golfe jusqu\\u2019en 1998 puis sophrologue-Analyste, dipl\\u00f4m\\u00e9e d\\u2019hypnose int\\u00e9grative \\u00e0 Nice et massotherapeute.\"},{\"@type\":\"WebSite\",\"@id\":\"https:\/\/www.hypnosebio.com\/#website\",\"url\":\"https:\/\/www.hypnosebio.com\/\",\"name\":\"Hypnose Th\\u00e9rapeutique et Biomagn\\u00e9tism\",\"description\":\"Hypnotherapie Int\\u00e9grative, Sophrologie-Analyse, Modelages r\\u00e9novateurs par magn\\u00e9tisme en Corse du Sud ou \\u00e0 Marrakech au Maroc dans mon espace bien \\u00eatre ou \\u00ab Chez Vous \\u00bb  \\u00e0 domicile.\",\"publisher\":{\"@id\":\"https:\/\/www.hypnosebio.com\/#\/schema\/person\/d3bd228d8f1d8627380ff7499797d71c\"},\"potentialAction\":[{\"@type\":\"SearchAction\",\"target\":\"https:\/\/www.hypnosebio.com\/?s={search_term_string}\",\"query-input\":\"required name=search_term_string\"}],\"inLanguage\":\"fr-FR\"},{\"@type\":\"WebPage\",\"@id\":\"https:\/\/www.hypnosebio.com\/?page_id=37#webpage\",\"url\":\"https:\/\/www.hypnosebio.com\/?page_id=37\",\"name\":\"T\\u00e9moignages - Hypnose Th\\u00e9rapeutique et Biomagn\\u00e9tisme\",\"isPartOf\":{\"@id\":\"https:\/\/www.hypnosebio.com\/#website\"},\"datePublished\":\"2020-06-15T13:45:12+00:00\",\"dateModified\":\"2020-06-15T13:45:12+00:00\",\"inLanguage\":\"fr-FR\",\"potentialAction\":[{\"@type\":\"ReadAction\",\"target\":[\"https:\/\/www.hypnosebio.com\/?page_id=37\"]}]}]}<\/script>\n<!-- \/ Yoast SEO plugin. -->","_links":{"self":[{"href":"https:\/\/www.hypnosebio.com\/index.php?rest_route=\/wp\/v2\/pages\/37","targetHints":{"allow":["GET"]}}],"collection":[{"href":"https:\/\/www.hypnosebio.com\/index.php?rest_route=\/wp\/v2\/pages"}],"about":[{"href":"https:\/\/www.hypnosebio.com\/index.php?rest_route=\/wp\/v2\/types\/page"}],"author":[{"embeddable":true,"href":"https:\/\/www.hypnosebio.com\/index.php?rest_route=\/wp\/v2\/users\/1"}],"replies":[{"embeddable":true,"href":"https:\/\/www.hypnosebio.com\/index.php?rest_route=%2Fwp%2Fv2%2Fcomments&post=37"}],"version-history":[{"count":1,"href":"https:\/\/www.hypnosebio.com\/index.php?rest_route=\/wp\/v2\/pages\/37\/revisions"}],"predecessor-version":[{"id":38,"href":"https:\/\/www.hypnosebio.com\/index.php?rest_route=\/wp\/v2\/pages\/37\/revisions\/38"}],"wp:attachment":[{"href":"https:\/\/www.hypnosebio.com\/index.php?rest_route=%2Fwp%2Fv2%2Fmedia&parent=37"}],"curies":[{"name":"wp","href":"https:\/\/api.w.org\/{rel}","templated":true}]}}